{"id":55,"date":"2025-03-27T11:30:19","date_gmt":"2025-03-27T11:30:19","guid":{"rendered":"https:\/\/zoejdmart7.wordpress.com\/?page_id=55"},"modified":"2026-02-26T11:41:11","modified_gmt":"2026-02-26T11:41:11","slug":"about","status":"publish","type":"page","link":"https:\/\/goatpolicy.eu\/pt\/about\/","title":{"rendered":"Sobre"},"content":{"rendered":"<div data-elementor-type=\"wp-page\" data-elementor-id=\"55\" class=\"elementor elementor-55\">\n\t\t\t\t<div class=\"elementor-element elementor-element-7326b9f e-flex e-con-boxed wpr-particle-no wpr-jarallax-no wpr-parallax-no wpr-sticky-section-no e-con e-parent\" data-id=\"7326b9f\" data-element_type=\"container\" data-e-type=\"container\" data-settings=\"{&quot;background_background&quot;:&quot;classic&quot;}\">\n\t\t\t\t\t<div class=\"e-con-inner\">\n\t\t\t\t<div class=\"elementor-element elementor-element-bde1469 elementor-widget elementor-widget-heading\" data-id=\"bde1469\" data-element_type=\"widget\" data-e-type=\"widget\" data-widget_type=\"heading.default\">\n\t\t\t\t\t<h2 class=\"elementor-heading-title elementor-size-default\">Uma decis\u00e3o certa \u00e9 uma decis\u00e3o informada<\/h2>\t\t\t\t<\/div>\n\t\t\t\t<div class=\"elementor-element elementor-element-96ff20f elementor-widget elementor-widget-text-editor\" data-id=\"96ff20f\" data-element_type=\"widget\" data-e-type=\"widget\" data-widget_type=\"text-editor.default\">\n\t\t\t\t\t\t\t\t\t<p>Qualquer pessoa saber\u00e1 indicar os fatores que tornam uma pol\u00edtica p\u00fablica eficaz: um problema definido, metas realistas, um design baseado em evid\u00eancias, aceita\u00e7\u00e3o pelo p\u00fablico\u2011alvo e um contexto de aplica\u00e7\u00e3o favor\u00e1vel. Mas n\u00f3s oferecemos a expertise necess\u00e1ria para criar pol\u00edticas p\u00fablicas bem\u2011sucedidas <strong>alinhadas com as necessidades do p\u00fablico\u2011alvo e dos demais stakeholders. A nossa abordagem baseia\u2011se em dados s\u00f3lidos<\/strong>e numa <strong>uma compreens\u00e3o profunda das din\u00e2micas<\/strong> do quadro jur\u00eddico <strong>e institucional<\/strong> \u2014 e n\u00e3o em opini\u00f5es ou palpites.<\/p>\n<p>Fazemos chegar at\u00e9 si o conhecimento por tr\u00e1s disso,  combinando forma\u00e7\u00e3o especializada e experi\u00eancia. Formulamos as perguntas certas, analisamos o comportamento das pessoas, compreendemos os limites legais e as din\u00e2micas institucionais, para garantir que cada solu\u00e7\u00e3o \u00e9 desenhada de acordo com as evid\u00eancias.<\/p>\n<p><strong>Estamos equipados para transformar a complexidade do mundo em que vivemos em solu\u00e7\u00f5es vi\u00e1veis.<\/strong><\/p>\t\t\t\t\t\t\t\t<\/div>\n\t\t\t\t\t<\/div>\n\t\t\t\t<\/div>\n\t\t<div class=\"elementor-element elementor-element-4ca882b e-flex e-con-boxed wpr-particle-no wpr-jarallax-no wpr-parallax-no wpr-sticky-section-no e-con e-parent\" data-id=\"4ca882b\" data-element_type=\"container\" data-e-type=\"container\">\n\t\t\t\t\t<div class=\"e-con-inner\">\n\t\t\t\t<div class=\"elementor-element elementor-element-a8a4d40 elementor-widget elementor-widget-spacer\" data-id=\"a8a4d40\" data-element_type=\"widget\" data-e-type=\"widget\" data-widget_type=\"spacer.default\">\n\t\t\t\t\t\t\t<div class=\"elementor-spacer\">\n\t\t\t<div class=\"elementor-spacer-inner\"><\/div>\n\t\t<\/div>\n\t\t\t\t\t\t<\/div>\n\t\t\t\t\t<\/div>\n\t\t\t\t<\/div>\n\t\t<div class=\"elementor-element elementor-element-310458e e-flex e-con-boxed wpr-particle-no wpr-jarallax-no wpr-parallax-no wpr-sticky-section-no e-con e-parent\" data-id=\"310458e\" data-element_type=\"container\" data-e-type=\"container\" data-settings=\"{&quot;background_background&quot;:&quot;classic&quot;}\">\n\t\t\t\t\t<div class=\"e-con-inner\">\n\t\t<div class=\"elementor-element elementor-element-7c57a2d e-con-full e-flex wpr-particle-no wpr-jarallax-no wpr-parallax-no wpr-sticky-section-no e-con e-child\" data-id=\"7c57a2d\" data-element_type=\"container\" data-e-type=\"container\">\n\t\t\t\t<div class=\"elementor-element elementor-element-5893567 elementor-widget elementor-widget-image\" data-id=\"5893567\" data-element_type=\"widget\" data-e-type=\"widget\" data-widget_type=\"image.default\">\n\t\t\t\t\t\t\t\t\t\t\t\t\t\t\t<img fetchpriority=\"high\" decoding=\"async\" width=\"300\" height=\"300\" src=\"https:\/\/goatpolicy.eu\/wp-content\/uploads\/2025\/05\/ana-300x300.jpg\" class=\"attachment-medium size-medium wp-image-421\" alt=\"\" srcset=\"https:\/\/goatpolicy.eu\/wp-content\/uploads\/2025\/05\/ana-300x300.jpg 300w, https:\/\/goatpolicy.eu\/wp-content\/uploads\/2025\/05\/ana-150x150.jpg 150w, https:\/\/goatpolicy.eu\/wp-content\/uploads\/2025\/05\/ana-12x12.jpg 12w, https:\/\/goatpolicy.eu\/wp-content\/uploads\/2025\/05\/ana.jpg 600w\" sizes=\"(max-width: 300px) 100vw, 300px\" \/>\t\t\t\t\t\t\t\t\t\t\t\t\t\t\t<\/div>\n\t\t\t\t<\/div>\n\t\t<div class=\"elementor-element elementor-element-d977a2a e-con-full e-flex wpr-particle-no wpr-jarallax-no wpr-parallax-no wpr-sticky-section-no e-con e-child\" data-id=\"d977a2a\" data-element_type=\"container\" data-e-type=\"container\">\n\t\t\t\t<div class=\"elementor-element elementor-element-dcb94c4 elementor-widget elementor-widget-heading\" data-id=\"dcb94c4\" data-element_type=\"widget\" data-e-type=\"widget\" data-widget_type=\"heading.default\">\n\t\t\t\t\t<h2 class=\"elementor-heading-title elementor-size-default\">Ana Lapa<\/h2>\t\t\t\t<\/div>\n\t\t\t\t<div class=\"elementor-element elementor-element-03f40ce elementor-widget elementor-widget-text-editor\" data-id=\"03f40ce\" data-element_type=\"widget\" data-e-type=\"widget\" data-widget_type=\"text-editor.default\">\n\t\t\t\t\t\t\t\t\t<p>Doutora em Psicologia Social, professora assistente no ISPA \u2013 Instituto Universit\u00e1rio e pesquisadora colaboradora do William James Center for Research. O seu trabalho principal concentra\u2011se em processos cognitivos, tais como mem\u00f3ria, aprendizagem e percep\u00e7\u00e3o de pessoas.<\/p>\t\t\t\t\t\t\t\t<\/div>\n\t\t\t\t<\/div>\n\t\t<div class=\"elementor-element elementor-element-eac7d03 e-con-full e-flex wpr-particle-no wpr-jarallax-no wpr-parallax-no wpr-sticky-section-no e-con e-child\" data-id=\"eac7d03\" data-element_type=\"container\" data-e-type=\"container\">\n\t\t\t\t<div class=\"elementor-element elementor-element-0dd4a4d elementor-widget elementor-widget-image\" data-id=\"0dd4a4d\" data-element_type=\"widget\" data-e-type=\"widget\" data-widget_type=\"image.default\">\n\t\t\t\t\t\t\t\t\t\t\t\t\t\t\t<img decoding=\"async\" width=\"300\" height=\"300\" src=\"https:\/\/goatpolicy.eu\/wp-content\/uploads\/2025\/05\/cris-300x300.jpg\" class=\"attachment-medium size-medium wp-image-420\" alt=\"\" srcset=\"https:\/\/goatpolicy.eu\/wp-content\/uploads\/2025\/05\/cris-300x300.jpg 300w, https:\/\/goatpolicy.eu\/wp-content\/uploads\/2025\/05\/cris-150x150.jpg 150w, https:\/\/goatpolicy.eu\/wp-content\/uploads\/2025\/05\/cris-12x12.jpg 12w, https:\/\/goatpolicy.eu\/wp-content\/uploads\/2025\/05\/cris.jpg 600w\" sizes=\"(max-width: 300px) 100vw, 300px\" \/>\t\t\t\t\t\t\t\t\t\t\t\t\t\t\t<\/div>\n\t\t\t\t<\/div>\n\t\t<div class=\"elementor-element elementor-element-7037f88 e-con-full e-flex wpr-particle-no wpr-jarallax-no wpr-parallax-no wpr-sticky-section-no e-con e-child\" data-id=\"7037f88\" data-element_type=\"container\" data-e-type=\"container\">\n\t\t\t\t<div class=\"elementor-element elementor-element-b4e482e elementor-widget elementor-widget-heading\" data-id=\"b4e482e\" data-element_type=\"widget\" data-e-type=\"widget\" data-widget_type=\"heading.default\">\n\t\t\t\t\t<h2 class=\"elementor-heading-title elementor-size-default\">Cristina Mendon\u00e7a<\/h2>\t\t\t\t<\/div>\n\t\t\t\t<div class=\"elementor-element elementor-element-c0abe93 elementor-widget elementor-widget-text-editor\" data-id=\"c0abe93\" data-element_type=\"widget\" data-e-type=\"widget\" data-widget_type=\"text-editor.default\">\n\t\t\t\t\t\t\t\t\t<p>Doutora em Psicologia Social, p\u00f3s\u2011doutoranda no LIP \u2013 Laborat\u00f3rio de Instrumenta\u00e7\u00e3o e F\u00edsica Experimental de Part\u00edculas e professora convidada na Cat\u00f3lica Lisbon School of Business &amp; Economics. A sua principal pesquisa envolve a intera\u00e7\u00e3o de fatores sociais com uma ampla gama de contextos de julgamento e tomada de decis\u00e3o, tais como (por exemplo, cren\u00e7as \u00e9ticas, organizacionais e de desinforma\u00e7\u00e3o).<\/p>\t\t\t\t\t\t\t\t<\/div>\n\t\t\t\t<\/div>\n\t\t<div class=\"elementor-element elementor-element-79bcf9c e-con-full e-flex wpr-particle-no wpr-jarallax-no wpr-parallax-no wpr-sticky-section-no e-con e-child\" data-id=\"79bcf9c\" data-element_type=\"container\" data-e-type=\"container\">\n\t\t\t\t<div class=\"elementor-element elementor-element-747ca8b elementor-widget elementor-widget-image\" data-id=\"747ca8b\" data-element_type=\"widget\" data-e-type=\"widget\" data-widget_type=\"image.default\">\n\t\t\t\t\t\t\t\t\t\t\t\t\t\t\t<img decoding=\"async\" width=\"300\" height=\"300\" src=\"https:\/\/goatpolicy.eu\/wp-content\/uploads\/2025\/05\/heloisa-300x300.jpg\" class=\"attachment-medium size-medium wp-image-416\" alt=\"\" srcset=\"https:\/\/goatpolicy.eu\/wp-content\/uploads\/2025\/05\/heloisa-300x300.jpg 300w, https:\/\/goatpolicy.eu\/wp-content\/uploads\/2025\/05\/heloisa-150x150.jpg 150w, https:\/\/goatpolicy.eu\/wp-content\/uploads\/2025\/05\/heloisa-12x12.jpg 12w, https:\/\/goatpolicy.eu\/wp-content\/uploads\/2025\/05\/heloisa.jpg 600w\" sizes=\"(max-width: 300px) 100vw, 300px\" \/>\t\t\t\t\t\t\t\t\t\t\t\t\t\t\t<\/div>\n\t\t\t\t<\/div>\n\t\t<div class=\"elementor-element elementor-element-a7185a5 e-con-full e-flex wpr-particle-no wpr-jarallax-no wpr-parallax-no wpr-sticky-section-no e-con e-child\" data-id=\"a7185a5\" data-element_type=\"container\" data-e-type=\"container\">\n\t\t\t\t<div class=\"elementor-element elementor-element-60ea345 elementor-widget elementor-widget-heading\" data-id=\"60ea345\" data-element_type=\"widget\" data-e-type=\"widget\" data-widget_type=\"heading.default\">\n\t\t\t\t\t<h2 class=\"elementor-heading-title elementor-size-default\">Helo\u00edsa Oliveira<\/h2>\t\t\t\t<\/div>\n\t\t\t\t<div class=\"elementor-element elementor-element-22e4677 elementor-widget elementor-widget-text-editor\" data-id=\"22e4677\" data-element_type=\"widget\" data-e-type=\"widget\" data-widget_type=\"text-editor.default\">\n\t\t\t\t\t\t\t\t\t<p>Doutora em Direito, Professora Auxiliar na Faculdade de Direito da Universidade de Lisboa, Investigadora no Centro de Estudos de Direito P\u00fablico de Lisboa e Consultora no CEJURE (Servi\u00e7o Jur\u00eddico do Governo). A sua investiga\u00e7\u00e3o centra\u2011se em direito e pol\u00edticas p\u00fablicas, em particular no que se refere aos atuais desafios da sustentabilidade. No setor privado, foi advogada na Cuatrecasas.<\/p>\t\t\t\t\t\t\t\t<\/div>\n\t\t\t\t<\/div>\n\t\t<div class=\"elementor-element elementor-element-b7cb830 e-con-full e-flex wpr-particle-no wpr-jarallax-no wpr-parallax-no wpr-sticky-section-no e-con e-child\" data-id=\"b7cb830\" data-element_type=\"container\" data-e-type=\"container\">\n\t\t\t\t<div class=\"elementor-element elementor-element-3f61186 elementor-widget elementor-widget-image\" data-id=\"3f61186\" data-element_type=\"widget\" data-e-type=\"widget\" data-widget_type=\"image.default\">\n\t\t\t\t\t\t\t\t\t\t\t\t\t\t\t<img loading=\"lazy\" decoding=\"async\" width=\"300\" height=\"300\" src=\"https:\/\/goatpolicy.eu\/wp-content\/uploads\/2025\/05\/joao-300x300.jpg\" class=\"attachment-medium size-medium wp-image-418\" alt=\"\" srcset=\"https:\/\/goatpolicy.eu\/wp-content\/uploads\/2025\/05\/joao-300x300.jpg 300w, https:\/\/goatpolicy.eu\/wp-content\/uploads\/2025\/05\/joao-150x150.jpg 150w, https:\/\/goatpolicy.eu\/wp-content\/uploads\/2025\/05\/joao-12x12.jpg 12w, https:\/\/goatpolicy.eu\/wp-content\/uploads\/2025\/05\/joao.jpg 600w\" sizes=\"(max-width: 300px) 100vw, 300px\" \/>\t\t\t\t\t\t\t\t\t\t\t\t\t\t\t<\/div>\n\t\t\t\t<\/div>\n\t\t<div class=\"elementor-element elementor-element-a10e762 e-con-full e-flex wpr-particle-no wpr-jarallax-no wpr-parallax-no wpr-sticky-section-no e-con e-child\" data-id=\"a10e762\" data-element_type=\"container\" data-e-type=\"container\">\n\t\t\t\t<div class=\"elementor-element elementor-element-a0588be elementor-widget elementor-widget-heading\" data-id=\"a0588be\" data-element_type=\"widget\" data-e-type=\"widget\" data-widget_type=\"heading.default\">\n\t\t\t\t\t<h2 class=\"elementor-heading-title elementor-size-default\">Jo\u00e3o Martins<\/h2>\t\t\t\t<\/div>\n\t\t\t\t<div class=\"elementor-element elementor-element-52e3d02 elementor-widget elementor-widget-text-editor\" data-id=\"52e3d02\" data-element_type=\"widget\" data-e-type=\"widget\" data-widget_type=\"text-editor.default\">\n\t\t\t\t\t\t\t\t\t<p>Doutor em Psicologia Social e pesquisador colaborador do Centro de Pesquisa William James. O seu trabalho baseia\u2011se na cogni\u00e7\u00e3o social, abrangendo t\u00f3picos como atitudes e comportamento, mem\u00f3ria e perce\u00e7\u00e3o pessoal. Especialista em pesquisa cient\u00edfica, an\u00e1lise de dados e programa\u00e7\u00e3o estat\u00edstica. Professor ocasional de Psicologia Social no ISPA \u2013 Instituto Universit\u00e1rio.<\/p>\t\t\t\t\t\t\t\t<\/div>\n\t\t\t\t<\/div>\n\t\t<div class=\"elementor-element elementor-element-ba488ea e-con-full e-flex wpr-particle-no wpr-jarallax-no wpr-parallax-no wpr-sticky-section-no e-con e-child\" data-id=\"ba488ea\" data-element_type=\"container\" data-e-type=\"container\">\n\t\t\t\t<div class=\"elementor-element elementor-element-84e85f4 elementor-widget elementor-widget-image\" data-id=\"84e85f4\" data-element_type=\"widget\" data-e-type=\"widget\" data-widget_type=\"image.default\">\n\t\t\t\t\t\t\t\t\t\t\t\t\t\t\t<img loading=\"lazy\" decoding=\"async\" width=\"300\" height=\"300\" src=\"https:\/\/goatpolicy.eu\/wp-content\/uploads\/2025\/07\/miguel-300x300.jpg\" class=\"attachment-medium size-medium wp-image-1337\" alt=\"\" srcset=\"https:\/\/goatpolicy.eu\/wp-content\/uploads\/2025\/07\/miguel-300x300.jpg 300w, https:\/\/goatpolicy.eu\/wp-content\/uploads\/2025\/07\/miguel-1024x1024.jpg 1024w, https:\/\/goatpolicy.eu\/wp-content\/uploads\/2025\/07\/miguel-150x150.jpg 150w, https:\/\/goatpolicy.eu\/wp-content\/uploads\/2025\/07\/miguel-768x768.jpg 768w, https:\/\/goatpolicy.eu\/wp-content\/uploads\/2025\/07\/miguel-12x12.jpg 12w, https:\/\/goatpolicy.eu\/wp-content\/uploads\/2025\/07\/miguel.jpg 1321w\" sizes=\"(max-width: 300px) 100vw, 300px\" \/>\t\t\t\t\t\t\t\t\t\t\t\t\t\t\t<\/div>\n\t\t\t\t<\/div>\n\t\t<div class=\"elementor-element elementor-element-923b822 e-con-full e-flex wpr-particle-no wpr-jarallax-no wpr-parallax-no wpr-sticky-section-no e-con e-child\" data-id=\"923b822\" data-element_type=\"container\" data-e-type=\"container\">\n\t\t\t\t<div class=\"elementor-element elementor-element-d6c2d1a elementor-widget elementor-widget-heading\" data-id=\"d6c2d1a\" data-element_type=\"widget\" data-e-type=\"widget\" data-widget_type=\"heading.default\">\n\t\t\t\t\t<h2 class=\"elementor-heading-title elementor-size-default\">Miguel Martinho<\/h2>\t\t\t\t<\/div>\n\t\t\t\t<div class=\"elementor-element elementor-element-b545912 elementor-widget elementor-widget-text-editor\" data-id=\"b545912\" data-element_type=\"widget\" data-e-type=\"widget\" data-widget_type=\"text-editor.default\">\n\t\t\t\t\t\t\t\t\t<p>Licenciado em Direito pela Faculdade de Direito da Universidade de Lisboa. \u00c9 especialista em Linguagem Clara e desenvolveu atividade de consultoria junto de entidades p\u00fablicas e privadas atrav\u00e9s da Claro, empresa da qual foi Diretor Executivo e \u00e9 s\u00f3cio. Foi assessor do Provedor de Justi\u00e7a entre 2007 e 2011. Preside \u00e0 mesa da assembleia geral da Associa\u00e7\u00e3o Cultural Mina e colabora com a Associa\u00e7\u00e3o Kosmicare.<\/p>\t\t\t\t\t\t\t\t<\/div>\n\t\t\t\t<\/div>\n\t\t<div class=\"elementor-element elementor-element-6abc886 e-con-full e-flex wpr-particle-no wpr-jarallax-no wpr-parallax-no wpr-sticky-section-no e-con e-child\" data-id=\"6abc886\" data-element_type=\"container\" data-e-type=\"container\">\n\t\t\t\t<div class=\"elementor-element elementor-element-f9355e7 elementor-widget elementor-widget-image\" data-id=\"f9355e7\" data-element_type=\"widget\" data-e-type=\"widget\" data-widget_type=\"image.default\">\n\t\t\t\t\t\t\t\t\t\t\t\t\t\t\t<img loading=\"lazy\" decoding=\"async\" width=\"300\" height=\"300\" src=\"https:\/\/goatpolicy.eu\/wp-content\/uploads\/2026\/02\/peter.jpg\" class=\"attachment-medium size-medium wp-image-1382\" alt=\"\" srcset=\"https:\/\/goatpolicy.eu\/wp-content\/uploads\/2026\/02\/peter.jpg 300w, https:\/\/goatpolicy.eu\/wp-content\/uploads\/2026\/02\/peter-150x150.jpg 150w, https:\/\/goatpolicy.eu\/wp-content\/uploads\/2026\/02\/peter-12x12.jpg 12w\" sizes=\"(max-width: 300px) 100vw, 300px\" \/>\t\t\t\t\t\t\t\t\t\t\t\t\t\t\t<\/div>\n\t\t\t\t<\/div>\n\t\t<div class=\"elementor-element elementor-element-352f3e0 e-con-full e-flex wpr-particle-no wpr-jarallax-no wpr-parallax-no wpr-sticky-section-no e-con e-child\" data-id=\"352f3e0\" data-element_type=\"container\" data-e-type=\"container\">\n\t\t\t\t<div class=\"elementor-element elementor-element-1982c2d elementor-widget elementor-widget-heading\" data-id=\"1982c2d\" data-element_type=\"widget\" data-e-type=\"widget\" data-widget_type=\"heading.default\">\n\t\t\t\t\t<h2 class=\"elementor-heading-title elementor-size-default\">Peter Janson<\/h2>\t\t\t\t<\/div>\n\t\t\t\t<div class=\"elementor-element elementor-element-9fd99f9 elementor-widget elementor-widget-text-editor\" data-id=\"9fd99f9\" data-element_type=\"widget\" data-e-type=\"widget\" data-widget_type=\"text-editor.default\">\n\t\t\t\t\t\t\t\t\t<p>Licenciado em Economia pela Universidade Cat\u00f3lica do Porto e Mestre em Desenvolvimento Econ\u00f3mico pela Universidade Carlos III de Madrid, \u00e9 gestor de empresas e colabora regularmente com a \u00c1rea Interdisciplinar de Economia Social da Universidade Cat\u00f3lica do Porto, com foco em avalia\u00e7\u00e3o de impacto para projetos do terceiro setor. Integra a dire\u00e7\u00e3o de diversas organiza\u00e7\u00f5es da sociedade civil, incluindo a Associa\u00e7\u00e3o Abra\u00e7o, Animais de Rua e Associa\u00e7\u00e3o Unificar. Foi tamb\u00e9m assessor na Assembleia da Rep\u00fablica de 2012 a 2017 e novamente em 2023.<\/p>\t\t\t\t\t\t\t\t<\/div>\n\t\t\t\t<\/div>\n\t\t<div class=\"elementor-element elementor-element-97d57e3 e-con-full e-flex wpr-particle-no wpr-jarallax-no wpr-parallax-no wpr-sticky-section-no e-con e-child\" data-id=\"97d57e3\" data-element_type=\"container\" data-e-type=\"container\">\n\t\t\t\t<div class=\"elementor-element elementor-element-2e9a075 elementor-widget elementor-widget-image\" data-id=\"2e9a075\" data-element_type=\"widget\" data-e-type=\"widget\" data-widget_type=\"image.default\">\n\t\t\t\t\t\t\t\t\t\t\t\t\t\t\t<img loading=\"lazy\" decoding=\"async\" width=\"300\" height=\"300\" src=\"https:\/\/goatpolicy.eu\/wp-content\/uploads\/2025\/05\/silvia-300x300.jpg\" class=\"attachment-medium size-medium wp-image-419\" alt=\"\" srcset=\"https:\/\/goatpolicy.eu\/wp-content\/uploads\/2025\/05\/silvia-300x300.jpg 300w, https:\/\/goatpolicy.eu\/wp-content\/uploads\/2025\/05\/silvia-150x150.jpg 150w, https:\/\/goatpolicy.eu\/wp-content\/uploads\/2025\/05\/silvia-12x12.jpg 12w, https:\/\/goatpolicy.eu\/wp-content\/uploads\/2025\/05\/silvia.jpg 600w\" sizes=\"(max-width: 300px) 100vw, 300px\" \/>\t\t\t\t\t\t\t\t\t\t\t\t\t\t\t<\/div>\n\t\t\t\t<\/div>\n\t\t<div class=\"elementor-element elementor-element-2d8e8f4 e-con-full e-flex wpr-particle-no wpr-jarallax-no wpr-parallax-no wpr-sticky-section-no e-con e-child\" data-id=\"2d8e8f4\" data-element_type=\"container\" data-e-type=\"container\">\n\t\t\t\t<div class=\"elementor-element elementor-element-1a1fa14 elementor-widget elementor-widget-heading\" data-id=\"1a1fa14\" data-element_type=\"widget\" data-e-type=\"widget\" data-widget_type=\"heading.default\">\n\t\t\t\t\t<h2 class=\"elementor-heading-title elementor-size-default\">S\u00edlvia Pereira<\/h2>\t\t\t\t<\/div>\n\t\t\t\t<div class=\"elementor-element elementor-element-092adc4 elementor-widget elementor-widget-text-editor\" data-id=\"092adc4\" data-element_type=\"widget\" data-e-type=\"widget\" data-widget_type=\"text-editor.default\">\n\t\t\t\t\t\t\t\t\t<p>Especialista em administra\u00e7\u00e3o p\u00fablica, com experi\u00eancia em contextos portugu\u00eas e europeu. Iniciou a sua carreira como assistente de investiga\u00e7\u00e3o na Faculdade de Direito e no Instituto de Geografia e Ordenamento do Territ\u00f3rio, ambos da Universidade de Lisboa. Posteriormente, foi adjunta do Secret\u00e1rio de Estado Adjunto do Primeiro\u2011Ministro portugu\u00eas, onde se envolveu em \u00e1reas como igualdade, cultura, migra\u00e7\u00f5es, coes\u00e3o territorial e gest\u00e3o administrativa. Foi tamb\u00e9m adjunta do Secret\u00e1rio de Estado dos Assuntos Europeus, onde trabalhou na transposi\u00e7\u00e3o de diretivas europeias, organiza\u00e7\u00e3o de eventos e gest\u00e3o administrativa.<\/p>\t\t\t\t\t\t\t\t<\/div>\n\t\t\t\t<\/div>\n\t\t\t\t\t<\/div>\n\t\t\t\t<\/div>\n\t\t<div class=\"elementor-element elementor-element-e42148c e-flex e-con-boxed wpr-particle-no wpr-jarallax-no wpr-parallax-no wpr-sticky-section-no e-con e-parent\" data-id=\"e42148c\" data-element_type=\"container\" data-e-type=\"container\">\n\t\t\t\t\t<div class=\"e-con-inner\">\n\t\t\t\t<div class=\"elementor-element elementor-element-f058b83 elementor-widget elementor-widget-spacer\" data-id=\"f058b83\" data-element_type=\"widget\" data-e-type=\"widget\" data-widget_type=\"spacer.default\">\n\t\t\t\t\t\t\t<div class=\"elementor-spacer\">\n\t\t\t<div class=\"elementor-spacer-inner\"><\/div>\n\t\t<\/div>\n\t\t\t\t\t\t<\/div>\n\t\t\t\t\t<\/div>\n\t\t\t\t<\/div>\n\t\t<div class=\"elementor-element elementor-element-0011c24 e-flex e-con-boxed wpr-particle-no wpr-jarallax-no wpr-parallax-no wpr-sticky-section-no e-con e-parent\" data-id=\"0011c24\" data-element_type=\"container\" data-e-type=\"container\">\n\t\t\t\t\t<div class=\"e-con-inner\">\n\t\t\t\t\t<\/div>\n\t\t\t\t<\/div>\n\t\t\t\t<\/div>","protected":false},"excerpt":{"rendered":"<p>The right decision is an informed decision Anyone can tell you what makes for a successful policy: a clearly defined problem, realistic goals, evidence-based design, acceptance from your target audience, a favorable context. But good policy should also know and include its audience, clients and partners; it should align with the legal framework in which it navigates, and should be based on institutional reality \u2014 not intuition and guesswork. We bring the knowledge behind this \u2014 the training and expertise that allow us to ask the right questions, to understand and measure how people think and behave, to understand legal boundaries and relevant institutional dynamics. We\u2019re equipped to translate complexity into feasible solutions. Ana Lapa Ph.D in Social Psychology, Assistant Professor at ISPA \u2013 Instituto Universit\u00e1rio and collaborating researcher of the William James Center for Research. Her main work focuses on cognitive processes such as memory, learning, and person perception. Cristina Mendon\u00e7a Ph.D. in Social Psychology, post-doc at LIP \u2013 Laborat\u00f3rio de Instrumenta\u00e7\u00e3o e F\u00edsica Experimental de Part\u00edculas and invited Professor at Cat\u00f3lica Lisbon School of Business &amp; Economics. Her main research involves the interplay of social factors and a wide array of judgment and decision-making contexts (e.g., ethical, organizational, and misinformation belief). Helo\u00edsa Oliveira Ph.D. in law and Assistant Professor at the University of Lisbon School of Law, Research Fellow at Lisbon Public Law Research Center, Consultant at CEJURE (Legal Service of the Government). Her research is focused on public law and policy, particularly concerning current sustainability challenges. She acted as the Chief of Staff for the Secretary of State of the Presidency of the Council of Ministers and as a legal adviser to the Minister for Foreign Affairs. In the private sector, she was a lawyer at Cuatrecasas. Jo\u00e3o Martins Ph.D. in Social Psychology and collaborating researcher of the William James Center for Research. His work is rooted in social cognition, spanning topics such as attitudes and behavior, memory, and person perception. Expert in scientific research, data analysis and statistical programming. Occasional lecturer of Social Psychology subjects at ISPA \u2013 University Institute. Miguel Martinho Graduated in Law from the University of Lisbon School of Law. A specialist in Plain Language, he has provided consultancy services to public and private entities through Claro, where he served as Executive Director and is a founding partner. From 2007 to 2011, he was an advisor to the Portuguese Ombudsman. He currently chairs the General Assembly of the cultural association Mina and collaborates with the association Kosmicare. Peter Janson Graduated in Economics from the Catholic University of Porto and holding a Master\u2019s degree in Economic Development from Universidad Carlos III de Madrid. He is a business manager who collaborates regularly with the Cross-Disciplinary Area for Social Economy at the Catholic University of Porto, focusing on impact assessment for third-sector projects. He serves on the board of several civil society organizations, including Associa\u00e7\u00e3o Abra\u00e7o, Animais de Rua, and Associa\u00e7\u00e3o Unificar. He has also worked as an advisor in the Portuguese Parliament from 2012 to 2017 and again in 2023. S\u00edlvia Pereira Expert in public administration, with experience in both Portuguese and European contexts. She started her career path as a research assistant at the School of Law and at the Institute of Geography and Spatial Planning, both at the University of Lisbon. Then, served as an adviser to the Secretary of State to the Prime Minister of Portugal, where she was involved in areas such as equality, culture, migration, territorial cohesion, and administrative management. Also served as an adviser to the Secretary of State for European Affairs, where she worked towards the transposition of European Union directives, event coordination and administrative management.<\/p>","protected":false},"author":2,"featured_media":0,"parent":0,"menu_order":1,"comment_status":"closed","ping_status":"closed","template":"","meta":{"neve_meta_sidebar":"","neve_meta_container":"","neve_meta_enable_content_width":"","neve_meta_content_width":0,"neve_meta_title_alignment":"","neve_meta_author_avatar":"","neve_post_elements_order":"","neve_meta_disable_header":"","neve_meta_disable_footer":"","neve_meta_disable_title":"on","footnotes":""},"class_list":["post-55","page","type-page","status-publish","hentry"],"_links":{"self":[{"href":"https:\/\/goatpolicy.eu\/pt\/wp-json\/wp\/v2\/pages\/55","targetHints":{"allow":["GET"]}}],"collection":[{"href":"https:\/\/goatpolicy.eu\/pt\/wp-json\/wp\/v2\/pages"}],"about":[{"href":"https:\/\/goatpolicy.eu\/pt\/wp-json\/wp\/v2\/types\/page"}],"author":[{"embeddable":true,"href":"https:\/\/goatpolicy.eu\/pt\/wp-json\/wp\/v2\/users\/2"}],"replies":[{"embeddable":true,"href":"https:\/\/goatpolicy.eu\/pt\/wp-json\/wp\/v2\/comments?post=55"}],"version-history":[{"count":170,"href":"https:\/\/goatpolicy.eu\/pt\/wp-json\/wp\/v2\/pages\/55\/revisions"}],"predecessor-version":[{"id":1386,"href":"https:\/\/goatpolicy.eu\/pt\/wp-json\/wp\/v2\/pages\/55\/revisions\/1386"}],"wp:attachment":[{"href":"https:\/\/goatpolicy.eu\/pt\/wp-json\/wp\/v2\/media?parent=55"}],"curies":[{"name":"wp","href":"https:\/\/api.w.org\/{rel}","templated":true}]}}