{"id":707,"date":"2025-06-11T22:02:41","date_gmt":"2025-06-11T22:02:41","guid":{"rendered":"https:\/\/goatpolicy.eu\/?page_id=707"},"modified":"2025-07-01T15:23:05","modified_gmt":"2025-07-01T15:23:05","slug":"services","status":"publish","type":"page","link":"https:\/\/goatpolicy.eu\/pt\/services\/","title":{"rendered":"Servi\u00e7os"},"content":{"rendered":"<div data-elementor-type=\"wp-page\" data-elementor-id=\"707\" class=\"elementor elementor-707\">\n\t\t\t\t<div class=\"elementor-element elementor-element-ca56acc e-flex e-con-boxed wpr-particle-no wpr-jarallax-no wpr-parallax-no wpr-sticky-section-no e-con e-parent\" data-id=\"ca56acc\" data-element_type=\"container\" data-e-type=\"container\" data-settings=\"{&quot;background_background&quot;:&quot;classic&quot;}\">\n\t\t\t\t\t<div class=\"e-con-inner\">\n\t\t<div class=\"elementor-element elementor-element-008bc69 e-con-full e-flex wpr-particle-no wpr-jarallax-no wpr-parallax-no wpr-sticky-section-no e-con e-child\" data-id=\"008bc69\" data-element_type=\"container\" data-e-type=\"container\">\n\t\t\t\t<div class=\"elementor-element elementor-element-940fdc8 elementor-widget elementor-widget-heading\" data-id=\"940fdc8\" data-element_type=\"widget\" data-e-type=\"widget\" data-widget_type=\"heading.default\">\n\t\t\t\t\t<h2 class=\"elementor-heading-title elementor-size-default\">A nossa abordagem a pol\u00edticas p\u00fablicas<\/h2>\t\t\t\t<\/div>\n\t\t\t\t<div class=\"elementor-element elementor-element-efc4a5f elementor-widget elementor-widget-text-editor\" data-id=\"efc4a5f\" data-element_type=\"widget\" data-e-type=\"widget\" data-widget_type=\"text-editor.default\">\n\t\t\t\t\t\t\t\t\t<p>Pol\u00edticas p\u00fablicas eficazes devem equilibrar as necessidades do <strong>p\u00fablico-alvo,<\/strong>com <strong>uma compreens\u00e3o profunda das din\u00e2micas<\/strong>e <strong>realidades institucionais.\u00a0<\/strong><\/p>\t\t\t\t\t\t\t\t<\/div>\n\t\t\t\t<div class=\"elementor-element elementor-element-8e42bf4 elementor-widget elementor-widget-heading\" data-id=\"8e42bf4\" data-element_type=\"widget\" data-e-type=\"widget\" data-widget_type=\"heading.default\">\n\t\t\t\t\t<h2 class=\"elementor-heading-title elementor-size-default\">Acompanhamento de todo o processo<\/h2>\t\t\t\t<\/div>\n\t\t\t\t<div class=\"elementor-element elementor-element-2bfd0cf elementor-widget elementor-widget-text-editor\" data-id=\"2bfd0cf\" data-element_type=\"widget\" data-e-type=\"widget\" data-widget_type=\"text-editor.default\">\n\t\t\t\t\t\t\t\t\t<p>Desde a defini\u00e7\u00e3o do problema at\u00e9 \u00e0 avalia\u00e7\u00e3o da efic\u00e1cia da pol\u00edtica, podemos ajudar em todas as fases do processo.<\/p>\t\t\t\t\t\t\t\t<\/div>\n\t\t\t\t<\/div>\n\t\t\t\t\t<\/div>\n\t\t\t\t<\/div>\n\t\t<div class=\"elementor-element elementor-element-0d3390f e-flex e-con-boxed wpr-particle-no wpr-jarallax-no wpr-parallax-no wpr-sticky-section-no e-con e-parent\" data-id=\"0d3390f\" data-element_type=\"container\" data-e-type=\"container\">\n\t\t\t\t\t<div class=\"e-con-inner\">\n\t\t\t\t<div class=\"elementor-element elementor-element-7272061 elementor-widget elementor-widget-spacer\" data-id=\"7272061\" data-element_type=\"widget\" data-e-type=\"widget\" data-widget_type=\"spacer.default\">\n\t\t\t\t\t\t\t<div class=\"elementor-spacer\">\n\t\t\t<div class=\"elementor-spacer-inner\"><\/div>\n\t\t<\/div>\n\t\t\t\t\t\t<\/div>\n\t\t\t\t\t<\/div>\n\t\t\t\t<\/div>\n\t\t<div class=\"elementor-element elementor-element-2d7df25 e-flex e-con-boxed wpr-particle-no wpr-jarallax-no wpr-parallax-no wpr-sticky-section-no e-con e-parent\" data-id=\"2d7df25\" data-element_type=\"container\" data-e-type=\"container\">\n\t\t\t\t\t<div class=\"e-con-inner\">\n\t\t<div class=\"elementor-element elementor-element-e099145 e-con-full e-flex wpr-particle-no wpr-jarallax-no wpr-parallax-no wpr-sticky-section-no e-con e-child\" data-id=\"e099145\" data-element_type=\"container\" data-e-type=\"container\">\n\t\t\t\t<div class=\"elementor-element elementor-element-27c606a elementor-widget elementor-widget-text-editor\" data-id=\"27c606a\" data-element_type=\"widget\" data-e-type=\"widget\" data-widget_type=\"text-editor.default\">\n\t\t\t\t\t\t\t\t\t<h3 id=\"service-policy\"><strong>Pol\u00edticas<\/strong><\/h3><p>Desafios complexos exigem solu\u00e7\u00f5es bem planeadas, fundamentadas em dados confi\u00e1veis, baseadas em princ\u00edpios s\u00f3lidos e com foco em propostas de a\u00e7\u00e3o concretas. Contudo, o fator humano pode ser tanto um impulso para o sucesso da estrat\u00e9gia, como um desafio a superar.<\/p><p>Quer uma pol\u00edtica tenha como objetivo  influenciar a\u00e7\u00f5es humanas (como as pol\u00edticas de combate \u00e0 discrimina\u00e7\u00e3o ou de incentivo \u00e0 participa\u00e7\u00e3o cidad\u00e3) ou dependa da colabora\u00e7\u00e3o das pessoas respons\u00e1veis pela sua implementa\u00e7\u00e3o(como trabalhadores do setor privado ou funcion\u00e1rios p\u00fablicos), o facto \u00e9 que nenhuma pol\u00edtica p\u00fablica ser\u00e1 eficaz sem compreender previamente como as pessoas a ir\u00e3o interpretar e responder \u00e0 sua aplica\u00e7\u00e3o.<\/p><p>A nossa equipa interdisciplinar possui o conhecimento e a experi\u00eancia necess\u00e1rios para criar e avaliar pol\u00edticas personalizadas que tenham em conta, de forma espec\u00edfica, o fator humano. Podemos:<\/p>\t\t\t\t\t\t\t\t<\/div>\n\t\t\t\t<div class=\"elementor-element elementor-element-59f68b5 elementor-widget elementor-widget-text-editor\" data-id=\"59f68b5\" data-element_type=\"widget\" data-e-type=\"widget\" data-widget_type=\"text-editor.default\">\n\t\t\t\t\t\t\t\t\t<ul><li>Identificar e medir o problema a solucionar<\/li><li>Realizar uma pesquisa aprofundada sobre o conhecimento existente na \u00e1rea, avaliando a sua aplicabilidade no seu contexto espec\u00edfico<\/li><li>Identificar poss\u00edveis solu\u00e7\u00f5es a adotar<\/li><li>Realizar pr\u00e9-testes com comunidades, trabalhadores e parceiros espec\u00edficos<\/li><li>Identificar as limita\u00e7\u00f5es legais e institucionais e as oportunidades de financiamento<\/li><li>Apoiar na implementa\u00e7\u00e3o e monitoriza\u00e7\u00e3o da solu\u00e7\u00e3o escolhida<\/li><\/ul>\t\t\t\t\t\t\t\t<\/div>\n\t\t\t\t<\/div>\n\t\t<div class=\"elementor-element elementor-element-4a56f72 e-con-full e-flex wpr-particle-no wpr-jarallax-no wpr-parallax-no wpr-sticky-section-no e-con e-child\" data-id=\"4a56f72\" data-element_type=\"container\" data-e-type=\"container\">\n\t\t\t\t<div class=\"elementor-element elementor-element-9b42185 elementor-widget elementor-widget-image\" data-id=\"9b42185\" data-element_type=\"widget\" data-e-type=\"widget\" data-widget_type=\"image.default\">\n\t\t\t\t\t\t\t\t\t\t\t\t\t\t\t<img fetchpriority=\"high\" decoding=\"async\" width=\"768\" height=\"766\" src=\"https:\/\/goatpolicy.eu\/wp-content\/uploads\/2025\/06\/service_policy-1536x1532-1-768x766.jpg\" class=\"attachment-medium_large size-medium_large wp-image-623\" alt=\"\" srcset=\"https:\/\/goatpolicy.eu\/wp-content\/uploads\/2025\/06\/service_policy-1536x1532-1-768x766.jpg 768w, https:\/\/goatpolicy.eu\/wp-content\/uploads\/2025\/06\/service_policy-1536x1532-1-300x300.jpg 300w, https:\/\/goatpolicy.eu\/wp-content\/uploads\/2025\/06\/service_policy-1536x1532-1-1024x1021.jpg 1024w, https:\/\/goatpolicy.eu\/wp-content\/uploads\/2025\/06\/service_policy-1536x1532-1-150x150.jpg 150w, https:\/\/goatpolicy.eu\/wp-content\/uploads\/2025\/06\/service_policy-1536x1532-1-12x12.jpg 12w, https:\/\/goatpolicy.eu\/wp-content\/uploads\/2025\/06\/service_policy-1536x1532-1.jpg 1536w\" sizes=\"(max-width: 768px) 100vw, 768px\" \/>\t\t\t\t\t\t\t\t\t\t\t\t\t\t\t<\/div>\n\t\t\t\t<\/div>\n\t\t\t\t\t<\/div>\n\t\t\t\t<\/div>\n\t\t<div class=\"elementor-element elementor-element-285ef87 e-flex e-con-boxed wpr-particle-no wpr-jarallax-no wpr-parallax-no wpr-sticky-section-no e-con e-parent\" data-id=\"285ef87\" data-element_type=\"container\" data-e-type=\"container\">\n\t\t\t\t\t<div class=\"e-con-inner\">\n\t\t<div class=\"elementor-element elementor-element-db2a52a e-con-full e-flex wpr-particle-no wpr-jarallax-no wpr-parallax-no wpr-sticky-section-no e-con e-child\" data-id=\"db2a52a\" data-element_type=\"container\" data-e-type=\"container\">\n\t\t\t\t<div class=\"elementor-element elementor-element-03f8a0c elementor-widget elementor-widget-image\" data-id=\"03f8a0c\" data-element_type=\"widget\" data-e-type=\"widget\" data-widget_type=\"image.default\">\n\t\t\t\t\t\t\t\t\t\t\t\t\t\t\t<img decoding=\"async\" width=\"768\" height=\"766\" src=\"https:\/\/goatpolicy.eu\/wp-content\/uploads\/2025\/06\/service_data-1536x1532-1-768x766.jpg\" class=\"attachment-medium_large size-medium_large wp-image-624\" alt=\"\" srcset=\"https:\/\/goatpolicy.eu\/wp-content\/uploads\/2025\/06\/service_data-1536x1532-1-768x766.jpg 768w, https:\/\/goatpolicy.eu\/wp-content\/uploads\/2025\/06\/service_data-1536x1532-1-300x300.jpg 300w, https:\/\/goatpolicy.eu\/wp-content\/uploads\/2025\/06\/service_data-1536x1532-1-1024x1021.jpg 1024w, https:\/\/goatpolicy.eu\/wp-content\/uploads\/2025\/06\/service_data-1536x1532-1-150x150.jpg 150w, https:\/\/goatpolicy.eu\/wp-content\/uploads\/2025\/06\/service_data-1536x1532-1-12x12.jpg 12w, https:\/\/goatpolicy.eu\/wp-content\/uploads\/2025\/06\/service_data-1536x1532-1.jpg 1536w\" sizes=\"(max-width: 768px) 100vw, 768px\" \/>\t\t\t\t\t\t\t\t\t\t\t\t\t\t\t<\/div>\n\t\t\t\t<\/div>\n\t\t<div class=\"elementor-element elementor-element-ee35ad8 e-con-full e-flex wpr-particle-no wpr-jarallax-no wpr-parallax-no wpr-sticky-section-no e-con e-child\" data-id=\"ee35ad8\" data-element_type=\"container\" data-e-type=\"container\">\n\t\t\t\t<div class=\"elementor-element elementor-element-d80eae8 elementor-widget elementor-widget-text-editor\" data-id=\"d80eae8\" data-element_type=\"widget\" data-e-type=\"widget\" data-widget_type=\"text-editor.default\">\n\t\t\t\t\t\t\t\t\t<div class=\"elementor-element elementor-element-53217e7 elementor-widget elementor-widget-text-editor\" data-id=\"53217e7\" data-element_type=\"widget\" data-widget_type=\"text-editor.default\"><div class=\"elementor-element elementor-element-d4d1568 elementor-widget elementor-widget-text-editor\" data-id=\"d4d1568\" data-element_type=\"widget\" data-widget_type=\"text-editor.default\"><div class=\"wp-block-column is-vertically-aligned-center is-layout-flow wp-block-column-is-layout-flow\"><h3 class=\"wp-block-heading has-xx-large-font-size\"><span style=\"color: #000000;\"><strong>Pesquisa<\/strong><\/span><\/h3><p><span style=\"color: #000000;\">A investiga\u00e7\u00e3o \u00e9 crucial para compreender problemas sociais complexos e conceber solu\u00e7\u00f5es eficazes. Com uma base acad\u00e9mica s\u00f3lida, abordamos este processo com naturalidade e rigor.<\/span><\/p><p><span style=\"color: #000000;\">Realizamos investiga\u00e7\u00e3o cient\u00edfica para apoiar a tomada de decis\u00f5es em pol\u00edticas p\u00fablicas. Este processo inclui a revis\u00e3o de evid\u00eancias existentes, o design e a implementa\u00e7\u00e3o de estudos, bem como a an\u00e1lise avan\u00e7ada de dados.<\/span><\/p><p><span style=\"color: #000000;\">A nossa equipa re\u00fane experi\u00eancia em psicologia social, direito, administra\u00e7\u00e3o p\u00fablica, programa\u00e7\u00e3o estat\u00edstica, recolha e an\u00e1lise de dados, produzindo relat\u00f3rios claros que fornecem aos agentes de pol\u00edticas p\u00fablicas a informa\u00e7\u00e3o necess\u00e1ria para tomada de decis\u00e3o eficaz.<\/span>on.<\/p><\/div><\/div><\/div>\t\t\t\t\t\t\t\t<\/div>\n\t\t\t\t<\/div>\n\t\t\t\t\t<\/div>\n\t\t\t\t<\/div>\n\t\t<div class=\"elementor-element elementor-element-ca7bff1 e-flex e-con-boxed wpr-particle-no wpr-jarallax-no wpr-parallax-no wpr-sticky-section-no e-con e-parent\" data-id=\"ca7bff1\" data-element_type=\"container\" data-e-type=\"container\">\n\t\t\t\t\t<div class=\"e-con-inner\">\n\t\t<div class=\"elementor-element elementor-element-48f458d e-con-full e-flex wpr-particle-no wpr-jarallax-no wpr-parallax-no wpr-sticky-section-no e-con e-child\" data-id=\"48f458d\" data-element_type=\"container\" data-e-type=\"container\">\n\t\t\t\t<div class=\"elementor-element elementor-element-ef9bd07 elementor-widget elementor-widget-text-editor\" data-id=\"ef9bd07\" data-element_type=\"widget\" data-e-type=\"widget\" data-widget_type=\"text-editor.default\">\n\t\t\t\t\t\t\t\t\t<h3 class=\"wp-block-heading has-xx-large-font-size\"><strong>Dados<\/strong><\/h3><p>Realizamos investiga\u00e7\u00e3o cient\u00edfica para apoiar a tomada de decis\u00f5es em pol\u00edticas p\u00fablicas, incluindo revis\u00e3o de evid\u00eancias, design de estudos, implementa\u00e7\u00e3o e an\u00e1lise avan\u00e7ada de dados.<\/p><p>Trabalhamos com uma vasta gama de informa\u00e7\u00f5es \u2014 desde inqu\u00e9ritos at\u00e9 registos administrativos \u2014 garantindo uma transi\u00e7\u00e3o fi\u00e1vel dos dados para o conhecimento, proporcionando uma base s\u00f3lida para decis\u00f5es informadas.<\/p>\t\t\t\t\t\t\t\t<\/div>\n\t\t\t\t<\/div>\n\t\t<div class=\"elementor-element elementor-element-12d29b0 e-con-full e-flex wpr-particle-no wpr-jarallax-no wpr-parallax-no wpr-sticky-section-no e-con e-child\" data-id=\"12d29b0\" data-element_type=\"container\" data-e-type=\"container\">\n\t\t\t\t<div class=\"elementor-element elementor-element-76990e4 elementor-widget elementor-widget-image\" data-id=\"76990e4\" data-element_type=\"widget\" data-e-type=\"widget\" data-widget_type=\"image.default\">\n\t\t\t\t\t\t\t\t\t\t\t\t\t\t\t<img decoding=\"async\" width=\"768\" height=\"766\" src=\"https:\/\/goatpolicy.eu\/wp-content\/uploads\/2025\/06\/service_research-1536x1532-1-768x766.jpg\" class=\"attachment-medium_large size-medium_large wp-image-625\" alt=\"\" srcset=\"https:\/\/goatpolicy.eu\/wp-content\/uploads\/2025\/06\/service_research-1536x1532-1-768x766.jpg 768w, https:\/\/goatpolicy.eu\/wp-content\/uploads\/2025\/06\/service_research-1536x1532-1-300x300.jpg 300w, https:\/\/goatpolicy.eu\/wp-content\/uploads\/2025\/06\/service_research-1536x1532-1-1024x1021.jpg 1024w, https:\/\/goatpolicy.eu\/wp-content\/uploads\/2025\/06\/service_research-1536x1532-1-150x150.jpg 150w, https:\/\/goatpolicy.eu\/wp-content\/uploads\/2025\/06\/service_research-1536x1532-1-12x12.jpg 12w, https:\/\/goatpolicy.eu\/wp-content\/uploads\/2025\/06\/service_research-1536x1532-1.jpg 1536w\" sizes=\"(max-width: 768px) 100vw, 768px\" \/>\t\t\t\t\t\t\t\t\t\t\t\t\t\t\t<\/div>\n\t\t\t\t<\/div>\n\t\t\t\t\t<\/div>\n\t\t\t\t<\/div>\n\t\t<div class=\"elementor-element elementor-element-29d829f e-flex e-con-boxed wpr-particle-no wpr-jarallax-no wpr-parallax-no wpr-sticky-section-no e-con e-parent\" data-id=\"29d829f\" data-element_type=\"container\" data-e-type=\"container\">\n\t\t\t\t\t<div class=\"e-con-inner\">\n\t\t\t\t\t<\/div>\n\t\t\t\t<\/div>\n\t\t\t\t<\/div>","protected":false},"excerpt":{"rendered":"<p>Our approach to policy Successful policies must balance the needs of their audience, the legal framework, and institutional dynamics.\u00a0 Any step of the way From defining the problem to evaluating policy efficacy \u2013 we can help at any stage of the process. Policy Complex challenges require well-thought-out solutions based on sound information, framed by consistent principles, and aimed at delivering concrete proposals for action. However, the human element can be both the catalyst or the obstacle to your strategy. Whether human actions are the goal of your policy (policies addressing discrimination or encouraging citizen participation) or whether people are responsible for implementing the strategies (private sector workers or public officials), no policy is effective without understanding how people will interpret and respond to it. Our interdisciplinary team has the knowledge and experience to design and evaluate tailor-made policies that specifically take the human factor into account. We can: Identify and measure your problem Research existing knowledge in the field and how it applies to your specific context Identify possible solutions Pre-tests with targeted communities, workers, and partners Identify legal and institutional constraints and how to overcome them, as well as funding opportunities Support you in implementing and monitoring the chosen solution Research Research is crucial in understanding complex societal problems and designing effective solutions. With an academic background, this is second nature to us. We conduct scientific research to support decision making in public policy. This includes reviewing existing evidence, design and implementation of studies, and advanced data analytics. Our team brings together expertise in Social Psychology, Law and governance, statistical programming, data collection and analysis, outputting clear and rigorous reports that provide all agents in public policy with the necessary information for an informed course of action. Data Every institution faces problems whose solutions require data. This poses challenges we are particularly well equipped to tackle: from collection, cleaning and transforming, to the selection of the most relevant advanced statistical methods for analysis and interpretation. We work with all types of information \u2013 from surveys to administrative records \u2013 \u00a0securing a reliable transition from data to knowledge you can act on.<\/p>","protected":false},"author":3,"featured_media":0,"parent":0,"menu_order":0,"comment_status":"closed","ping_status":"closed","template":"page-templates\/template-pagebuilder-full-width.php","meta":{"neve_meta_sidebar":"","neve_meta_container":"","neve_meta_enable_content_width":"","neve_meta_content_width":0,"neve_meta_title_alignment":"","neve_meta_author_avatar":"","neve_post_elements_order":"","neve_meta_disable_header":"off","neve_meta_disable_footer":"","neve_meta_disable_title":"on","footnotes":""},"class_list":["post-707","page","type-page","status-publish","hentry"],"_links":{"self":[{"href":"https:\/\/goatpolicy.eu\/pt\/wp-json\/wp\/v2\/pages\/707","targetHints":{"allow":["GET"]}}],"collection":[{"href":"https:\/\/goatpolicy.eu\/pt\/wp-json\/wp\/v2\/pages"}],"about":[{"href":"https:\/\/goatpolicy.eu\/pt\/wp-json\/wp\/v2\/types\/page"}],"author":[{"embeddable":true,"href":"https:\/\/goatpolicy.eu\/pt\/wp-json\/wp\/v2\/users\/3"}],"replies":[{"embeddable":true,"href":"https:\/\/goatpolicy.eu\/pt\/wp-json\/wp\/v2\/comments?post=707"}],"version-history":[{"count":101,"href":"https:\/\/goatpolicy.eu\/pt\/wp-json\/wp\/v2\/pages\/707\/revisions"}],"predecessor-version":[{"id":1295,"href":"https:\/\/goatpolicy.eu\/pt\/wp-json\/wp\/v2\/pages\/707\/revisions\/1295"}],"wp:attachment":[{"href":"https:\/\/goatpolicy.eu\/pt\/wp-json\/wp\/v2\/media?parent=707"}],"curies":[{"name":"wp","href":"https:\/\/api.w.org\/{rel}","templated":true}]}}